{"id":5592,"date":"2022-04-07T11:54:12","date_gmt":"2022-04-07T11:54:12","guid":{"rendered":"https:\/\/accentwall.innovatorspark.ro\/?post_type=product&#038;p=5592"},"modified":"2024-10-01T19:40:28","modified_gmt":"2024-10-01T19:40:28","slug":"tulipee","status":"publish","type":"product","link":"https:\/\/accentwall.innovatorspark.ro\/ro\/produs\/tulipee\/","title":{"rendered":"Tulipee"},"content":{"rendered":"","protected":false},"excerpt":{"rendered":"<p>Tapet floral \u00een living, dormitor sau o zon\u0103 sofisticat\u0103 de birou! Acest tapet cu lalele superbe, \u00eenflorite, cu o palet\u0103 de culori minimale este u\u0219or de asortat cu o varietate de mobilier \u0219i stiluri, ad\u0103ug\u00e2nd \u00een acela\u0219i timp un caracter unic camerei.<\/p>\n<p>Un tapet floral disponibil \u00een c\u00e2teva variante de culoare diferite v\u0103 va ajuta s\u0103 transforma\u021bi spa\u021biul \u00eentr-unul fermec\u0103tor, indiferent de culoarea pe care o alege\u021bi. Echipa noastr\u0103 de design v\u0103 va ajuta s\u0103 ajusta\u021bi culorile tapetului Tulipee pentru a satisface cerin\u021bele dumneavoastr\u0103 exacte. Contacta\u021bi-ne!<\/p>\n<p>Tapet de calitate premium de 350 g | Ne\u021besut | Suprafa\u021b\u0103 texturat\u0103 | Adezivul de aplic\u0103 doar pe suprafa\u021ba peretelui | Suprafa\u021b\u0103 rezistent\u0103 la ap\u0103 | Durabil \u0219i rezistent la zg\u00e2rieturi<\/p>","protected":false},"featured_media":5596,"comment_status":"open","ping_status":"closed","template":"","meta":[],"product_cat":[235],"product_tag":[],"class_list":{"0":"post-5592","1":"product","2":"type-product","3":"status-publish","4":"has-post-thumbnail","6":"product_cat-wallpaper-murals","7":"product_shipping_class-lg","9":"first","10":"instock","11":"shipping-taxable","12":"purchasable","13":"product-type-variable"},"acf":[],"_links":{"self":[{"href":"https:\/\/accentwall.innovatorspark.ro\/ro\/wp-json\/wp\/v2\/product\/5592"}],"collection":[{"href":"https:\/\/accentwall.innovatorspark.ro\/ro\/wp-json\/wp\/v2\/product"}],"about":[{"href":"https:\/\/accentwall.innovatorspark.ro\/ro\/wp-json\/wp\/v2\/types\/product"}],"replies":[{"embeddable":true,"href":"https:\/\/accentwall.innovatorspark.ro\/ro\/wp-json\/wp\/v2\/comments?post=5592"}],"wp:featuredmedia":[{"embeddable":true,"href":"https:\/\/accentwall.innovatorspark.ro\/ro\/wp-json\/wp\/v2\/media\/5596"}],"wp:attachment":[{"href":"https:\/\/accentwall.innovatorspark.ro\/ro\/wp-json\/wp\/v2\/media?parent=5592"}],"wp:term":[{"taxonomy":"product_cat","embeddable":true,"href":"https:\/\/accentwall.innovatorspark.ro\/ro\/wp-json\/wp\/v2\/product_cat?post=5592"},{"taxonomy":"product_tag","embeddable":true,"href":"https:\/\/accentwall.innovatorspark.ro\/ro\/wp-json\/wp\/v2\/product_tag?post=5592"}],"curies":[{"name":"wp","href":"https:\/\/api.w.org\/{rel}","templated":true}]}}