{"id":5564,"date":"2022-02-09T11:39:59","date_gmt":"2022-02-09T11:39:59","guid":{"rendered":"https:\/\/accentwall.innovatorspark.ro\/?post_type=product&#038;p=5564"},"modified":"2024-10-01T19:39:27","modified_gmt":"2024-10-01T19:39:27","slug":"jolly-clouds","status":"publish","type":"product","link":"https:\/\/accentwall.innovatorspark.ro\/ro\/produs\/jolly-clouds\/","title":{"rendered":"Jolly Clouds"},"content":{"rendered":"","protected":false},"excerpt":{"rendered":"<p>Cu un model de nori r\u0103t\u0103citori \u00een form\u0103 de animale, acest tapet adorabil este alegerea perfect\u0103 pentru dormitorul copilului sau bebelu\u0219ului dumneavoastr\u0103. Paleta sa simpl\u0103 de culori \u0219i jocul fac din Jolly Clouds un design extrem de u\u0219or de decorat. Potrivi\u021bi-l cu finisaje \u0219i texturi naturale \u0219i l\u0103sa\u021bi imagina\u021bia micu\u021bului s\u0103 zboare.<\/p>\n<p>Tapet de calitate premium de 350 g | Ne\u021besut | Suprafa\u021b\u0103 texturat\u0103 | Adezivul de aplic\u0103 doar pe suprafa\u021ba peretelui | Suprafa\u021b\u0103 rezistent\u0103 la ap\u0103 | Durabil \u0219i rezistent la zg\u00e2rieturi<\/p>","protected":false},"featured_media":5569,"comment_status":"open","ping_status":"closed","template":"","meta":[],"product_cat":[235],"product_tag":[],"class_list":{"0":"post-5564","1":"product","2":"type-product","3":"status-publish","4":"has-post-thumbnail","6":"product_cat-wallpaper-murals","7":"product_shipping_class-lg","9":"first","10":"instock","11":"shipping-taxable","12":"purchasable","13":"product-type-variable"},"acf":[],"_links":{"self":[{"href":"https:\/\/accentwall.innovatorspark.ro\/ro\/wp-json\/wp\/v2\/product\/5564"}],"collection":[{"href":"https:\/\/accentwall.innovatorspark.ro\/ro\/wp-json\/wp\/v2\/product"}],"about":[{"href":"https:\/\/accentwall.innovatorspark.ro\/ro\/wp-json\/wp\/v2\/types\/product"}],"replies":[{"embeddable":true,"href":"https:\/\/accentwall.innovatorspark.ro\/ro\/wp-json\/wp\/v2\/comments?post=5564"}],"wp:featuredmedia":[{"embeddable":true,"href":"https:\/\/accentwall.innovatorspark.ro\/ro\/wp-json\/wp\/v2\/media\/5569"}],"wp:attachment":[{"href":"https:\/\/accentwall.innovatorspark.ro\/ro\/wp-json\/wp\/v2\/media?parent=5564"}],"wp:term":[{"taxonomy":"product_cat","embeddable":true,"href":"https:\/\/accentwall.innovatorspark.ro\/ro\/wp-json\/wp\/v2\/product_cat?post=5564"},{"taxonomy":"product_tag","embeddable":true,"href":"https:\/\/accentwall.innovatorspark.ro\/ro\/wp-json\/wp\/v2\/product_tag?post=5564"}],"curies":[{"name":"wp","href":"https:\/\/api.w.org\/{rel}","templated":true}]}}