{"id":5559,"date":"2022-02-09T11:35:18","date_gmt":"2022-02-09T11:35:18","guid":{"rendered":"https:\/\/accentwall.innovatorspark.ro\/?post_type=product&#038;p=5559"},"modified":"2024-10-01T19:38:21","modified_gmt":"2024-10-01T19:38:21","slug":"ethereal","status":"publish","type":"product","link":"https:\/\/accentwall.innovatorspark.ro\/ro\/produs\/ethereal\/","title":{"rendered":"Ethereal"},"content":{"rendered":"<p>Dori\u021bi s\u0103 impresiona\u021bi cu un design ciudat care va crea o experien\u021b\u0103 unic\u0103 \u00een casa dumneavoastra? Tapetul mural Ethereal poate fi alegerea potrivit\u0103, mai ales \u00een cazul \u00een care c\u0103uta\u021bi ceva neobi\u0219nuit \u0219i misterios. Conceput s\u0103 semene cu silueta unei p\u0103duri v\u0103zut\u0103 printr-o fereastr\u0103 neclar\u0103, insufl\u0103 un aer at\u00e2t de lini\u0219te, c\u00e2t \u0219i de dramatism \u00een decorul dumneavoastr\u0103. \u00cembina\u021bi tapetul mural Ethereal cu mobilier contemporan minimalist \u0219i fi\u021bi sigur c\u0103 ve\u021bi crea un spa\u021biu care impresioneaz\u0103.<\/p>\n<p>Disponibil \u00een c\u00e2teva variante diferite de design, Ethereal v\u0103 va ajuta s\u0103 v\u0103 transforma\u021bi spa\u021biul \u00een ceva uimitor, indiferent de stil. Nu sunte\u021bi confortabil cu varia\u021biile existente? Le putem ajusta oric\u00e2nd pentru a se potrivi cerin\u021belor dumneavoastr\u0103 exacte, trebuie doar s\u0103 lua\u021bi leg\u0103tura cu echipa noastr\u0103.<\/p>\n<p>Tapet de calitate premium de 350 g | Ne\u021besut | Suprafa\u021b\u0103 texturat\u0103 | Adezivul de aplic\u0103 doar pe suprafa\u021ba peretelui | Suprafa\u021b\u0103 rezistent\u0103 la ap\u0103 | Durabil \u0219i rezistent la zg\u00e2rieturi<\/p>","protected":false},"excerpt":{"rendered":"<p>Dori\u021bi s\u0103 impresiona\u021bi cu un design ciudat care va crea o experien\u021b\u0103 unic\u0103 \u00een casa dumneavoastra? Tapetul mural Ethereal poate fi alegerea potrivit\u0103, mai ales \u00een cazul \u00een care c\u0103uta\u021bi ceva neobi\u0219nuit \u0219i misterios. Conceput s\u0103 semene cu silueta unei p\u0103duri v\u0103zut\u0103 printr-o fereastr\u0103 neclar\u0103, insufl\u0103 un aer at\u00e2t de lini\u0219te, c\u00e2t \u0219i de dramatism \u00een decorul dumneavoastr\u0103. \u00cembina\u021bi tapetul mural Ethereal cu mobilier contemporan minimalist \u0219i fi\u021bi sigur c\u0103 ve\u021bi crea un spa\u021biu care impresioneaz\u0103.<\/p>\n<p>Disponibil \u00een c\u00e2teva variante diferite de design, Ethereal v\u0103 va ajuta s\u0103 v\u0103 transforma\u021bi spa\u021biul \u00een ceva uimitor, indiferent de stil. Nu sunte\u021bi confortabil cu varia\u021biile existente? Le putem ajusta oric\u00e2nd pentru a se potrivi cerin\u021belor dumneavoastr\u0103 exacte, trebuie doar s\u0103 lua\u021bi leg\u0103tura cu echipa noastr\u0103.<\/p>\n<p>Tapet de calitate premium de 350 g | Ne\u021besut | Suprafa\u021b\u0103 texturat\u0103 | Adezivul de aplic\u0103 doar pe suprafa\u021ba peretelui | Suprafa\u021b\u0103 rezistent\u0103 la ap\u0103 | Durabil \u0219i rezistent la zg\u00e2rieturi<\/p>","protected":false},"featured_media":5562,"comment_status":"open","ping_status":"closed","template":"","meta":[],"product_cat":[235],"product_tag":[],"class_list":{"0":"post-5559","1":"product","2":"type-product","3":"status-publish","4":"has-post-thumbnail","6":"product_cat-wallpaper-murals","7":"product_shipping_class-lg","9":"first","10":"instock","11":"shipping-taxable","12":"purchasable","13":"product-type-variable"},"acf":[],"_links":{"self":[{"href":"https:\/\/accentwall.innovatorspark.ro\/ro\/wp-json\/wp\/v2\/product\/5559"}],"collection":[{"href":"https:\/\/accentwall.innovatorspark.ro\/ro\/wp-json\/wp\/v2\/product"}],"about":[{"href":"https:\/\/accentwall.innovatorspark.ro\/ro\/wp-json\/wp\/v2\/types\/product"}],"replies":[{"embeddable":true,"href":"https:\/\/accentwall.innovatorspark.ro\/ro\/wp-json\/wp\/v2\/comments?post=5559"}],"wp:featuredmedia":[{"embeddable":true,"href":"https:\/\/accentwall.innovatorspark.ro\/ro\/wp-json\/wp\/v2\/media\/5562"}],"wp:attachment":[{"href":"https:\/\/accentwall.innovatorspark.ro\/ro\/wp-json\/wp\/v2\/media?parent=5559"}],"wp:term":[{"taxonomy":"product_cat","embeddable":true,"href":"https:\/\/accentwall.innovatorspark.ro\/ro\/wp-json\/wp\/v2\/product_cat?post=5559"},{"taxonomy":"product_tag","embeddable":true,"href":"https:\/\/accentwall.innovatorspark.ro\/ro\/wp-json\/wp\/v2\/product_tag?post=5559"}],"curies":[{"name":"wp","href":"https:\/\/api.w.org\/{rel}","templated":true}]}}