{"id":3387,"date":"2017-06-13T09:47:31","date_gmt":"2017-06-13T09:47:31","guid":{"rendered":"https:\/\/accentwall.innovatorspark.ro\/?post_type=product&#038;p=3387"},"modified":"2024-10-01T14:22:45","modified_gmt":"2024-10-01T14:22:45","slug":"romanian-vibe-wallpaper-murals","status":"publish","type":"product","link":"https:\/\/accentwall.innovatorspark.ro\/ro\/produs\/romanian-vibe-wallpaper-murals\/","title":{"rendered":"Romanian Vibe"},"content":{"rendered":"<p>Acest design vibrant, geometric, inspirat din tiparele \u0219i motivele tradi\u021bionale rom\u00e2ne\u0219ti, v\u0103 va capta ochii \u0219i v\u0103 va sc\u00e2nteia sufletul \u00een mai pu\u021bin de cateva secunde. Pur \u0219i simplu nu po\u021bi gre\u0219i cu acest uimitor tapet Romanian Vibe menit s\u0103 adauge mai mult\u0103 personalitate \u0219i defini\u021bie decorului interior.<\/p>\n<p>Premium quality 350 g wallpaper | Non-woven | Textured surface | Paste-the-wall application for easy installation | Water Resistant surface | Durable and Resistant to Damage<\/p>","protected":false},"excerpt":{"rendered":"<p>Acest design vibrant, geometric, inspirat din tiparele \u0219i motivele tradi\u021bionale rom\u00e2ne\u0219ti, v\u0103 va capta ochii \u0219i v\u0103 va sc\u00e2nteia sufletul \u00een mai pu\u021bin de cateva secunde. Pur \u0219i simplu nu po\u021bi gre\u0219i cu acest uimitor tapet Romanian Vibe menit s\u0103 adauge mai mult\u0103 personalitate \u0219i defini\u021bie decorului interior.<\/p>\n<p>Premium quality 350 g wallpaper | Non-woven | Textured surface | Paste-the-wall application for easy installation | Water Resistant surface | Durable and Resistant to Damage<\/p>","protected":false},"featured_media":3586,"comment_status":"open","ping_status":"closed","template":"","meta":[],"product_cat":[235],"product_tag":[],"class_list":{"0":"post-3387","1":"product","2":"type-product","3":"status-publish","4":"has-post-thumbnail","6":"product_cat-wallpaper-murals","7":"product_shipping_class-lg","9":"first","10":"instock","11":"shipping-taxable","12":"purchasable","13":"product-type-variable"},"acf":[],"_links":{"self":[{"href":"https:\/\/accentwall.innovatorspark.ro\/ro\/wp-json\/wp\/v2\/product\/3387"}],"collection":[{"href":"https:\/\/accentwall.innovatorspark.ro\/ro\/wp-json\/wp\/v2\/product"}],"about":[{"href":"https:\/\/accentwall.innovatorspark.ro\/ro\/wp-json\/wp\/v2\/types\/product"}],"replies":[{"embeddable":true,"href":"https:\/\/accentwall.innovatorspark.ro\/ro\/wp-json\/wp\/v2\/comments?post=3387"}],"wp:featuredmedia":[{"embeddable":true,"href":"https:\/\/accentwall.innovatorspark.ro\/ro\/wp-json\/wp\/v2\/media\/3586"}],"wp:attachment":[{"href":"https:\/\/accentwall.innovatorspark.ro\/ro\/wp-json\/wp\/v2\/media?parent=3387"}],"wp:term":[{"taxonomy":"product_cat","embeddable":true,"href":"https:\/\/accentwall.innovatorspark.ro\/ro\/wp-json\/wp\/v2\/product_cat?post=3387"},{"taxonomy":"product_tag","embeddable":true,"href":"https:\/\/accentwall.innovatorspark.ro\/ro\/wp-json\/wp\/v2\/product_tag?post=3387"}],"curies":[{"name":"wp","href":"https:\/\/api.w.org\/{rel}","templated":true}]}}