{"id":3381,"date":"2017-06-13T09:39:34","date_gmt":"2017-06-13T09:39:34","guid":{"rendered":"https:\/\/accentwall.innovatorspark.ro\/?post_type=product&#038;p=3381"},"modified":"2024-10-01T14:21:47","modified_gmt":"2024-10-01T14:21:47","slug":"graphical-wallpaper-murals","status":"publish","type":"product","link":"https:\/\/accentwall.innovatorspark.ro\/ro\/produs\/graphical-wallpaper-murals\/","title":{"rendered":"Graphical"},"content":{"rendered":"<p>Aceasta este probabil cea mai bun\u0103 ilustrare a vie\u021bii create cu doar c\u00e2teva linii de pensul\u0103. \u0218i ne place. Folosi\u021bi tapetul Graphical pentru a v\u0103 aminti de adev\u0103rata natur\u0103 a vie\u021bii care nu este \u00eentotdeauna o navigare lin\u0103. Este o p\u00e2nz\u0103 \u00eencurcat\u0103, cu opriri bru\u0219te \u0219i e\u0219ecuri urmate \u00eentotdeauna de viraje \u00eenc\u00e2nt\u0103toare.<\/p>\n<p>Premium quality 350 g wallpaper | Non-woven | Textured surface | Paste-the-wall application for easy installation | Water Resistant surface | Durable and Resistant to Damage<\/p>","protected":false},"excerpt":{"rendered":"<p>Aceasta este probabil cea mai bun\u0103 ilustrare a vie\u021bii create cu doar c\u00e2teva linii de pensul\u0103. \u0218i ne place. Folosi\u021bi tapetul Graphical pentru a v\u0103 aminti de adev\u0103rata natur\u0103 a vie\u021bii care nu este \u00eentotdeauna o navigare lin\u0103. Este o p\u00e2nz\u0103 \u00eencurcat\u0103, cu opriri bru\u0219te \u0219i e\u0219ecuri urmate \u00eentotdeauna de viraje \u00eenc\u00e2nt\u0103toare.<\/p>\n<p>Premium quality 350 g wallpaper | Non-woven | Textured surface | Paste-the-wall application for easy installation | Water Resistant surface | Durable and Resistant to Damage<\/p>","protected":false},"featured_media":3587,"comment_status":"open","ping_status":"closed","template":"","meta":[],"product_cat":[235],"product_tag":[],"class_list":{"0":"post-3381","1":"product","2":"type-product","3":"status-publish","4":"has-post-thumbnail","6":"product_cat-wallpaper-murals","7":"product_shipping_class-lg","9":"first","10":"instock","11":"shipping-taxable","12":"purchasable","13":"product-type-variable"},"acf":[],"_links":{"self":[{"href":"https:\/\/accentwall.innovatorspark.ro\/ro\/wp-json\/wp\/v2\/product\/3381"}],"collection":[{"href":"https:\/\/accentwall.innovatorspark.ro\/ro\/wp-json\/wp\/v2\/product"}],"about":[{"href":"https:\/\/accentwall.innovatorspark.ro\/ro\/wp-json\/wp\/v2\/types\/product"}],"replies":[{"embeddable":true,"href":"https:\/\/accentwall.innovatorspark.ro\/ro\/wp-json\/wp\/v2\/comments?post=3381"}],"wp:featuredmedia":[{"embeddable":true,"href":"https:\/\/accentwall.innovatorspark.ro\/ro\/wp-json\/wp\/v2\/media\/3587"}],"wp:attachment":[{"href":"https:\/\/accentwall.innovatorspark.ro\/ro\/wp-json\/wp\/v2\/media?parent=3381"}],"wp:term":[{"taxonomy":"product_cat","embeddable":true,"href":"https:\/\/accentwall.innovatorspark.ro\/ro\/wp-json\/wp\/v2\/product_cat?post=3381"},{"taxonomy":"product_tag","embeddable":true,"href":"https:\/\/accentwall.innovatorspark.ro\/ro\/wp-json\/wp\/v2\/product_tag?post=3381"}],"curies":[{"name":"wp","href":"https:\/\/api.w.org\/{rel}","templated":true}]}}