{"id":3375,"date":"2017-06-13T09:26:10","date_gmt":"2017-06-13T09:26:10","guid":{"rendered":"https:\/\/accentwall.innovatorspark.ro\/?post_type=product&#038;p=3375"},"modified":"2024-10-01T14:21:02","modified_gmt":"2024-10-01T14:21:02","slug":"petale-3d-wallpaper-murals","status":"publish","type":"product","link":"https:\/\/accentwall.innovatorspark.ro\/ro\/produs\/petale-3d-wallpaper-murals\/","title":{"rendered":"Petalis"},"content":{"rendered":"<p>Ad\u0103uga\u021bi o not\u0103 de gra\u021bie interiorului dumneavoastr\u0103 cu acest tapet 3D \u00een form\u0103 de petal\u0103 care va \u00eembun\u0103t\u0103\u021bi valoarea estetic\u0103 a oric\u0103rui decor pe care l-a\u021bi putea avea \u00een minte. Tr\u0103ie\u0219te griul moale cu culori vii \u0219i te vei trezi absorbit de o ambian\u021b\u0103 fascinant\u0103.<\/p>\n<p>Premium quality 350 g wallpaper | Non woven | Textured surface | Paste-the-wall application for easy installation | Water Resistant surface | Durable and Resistant to Damage<\/p>","protected":false},"excerpt":{"rendered":"<p>Ad\u0103uga\u021bi o not\u0103 de gra\u021bie interiorului dumneavoastr\u0103 cu acest tapet 3D \u00een form\u0103 de petal\u0103 care va \u00eembun\u0103t\u0103\u021bi valoarea estetic\u0103 a oric\u0103rui decor pe care l-a\u021bi putea avea \u00een minte. Tr\u0103ie\u0219te griul moale cu culori vii \u0219i te vei trezi absorbit de o ambian\u021b\u0103 fascinant\u0103.<\/p>\n<p>Premium quality 350 g wallpaper | Non woven | Textured surface | Paste-the-wall application for easy installation | Water Resistant surface | Durable and Resistant to Damage<\/p>","protected":false},"featured_media":3588,"comment_status":"open","ping_status":"closed","template":"","meta":[],"product_cat":[235],"product_tag":[],"class_list":{"0":"post-3375","1":"product","2":"type-product","3":"status-publish","4":"has-post-thumbnail","6":"product_cat-wallpaper-murals","7":"product_shipping_class-lg","9":"first","10":"instock","11":"shipping-taxable","12":"purchasable","13":"product-type-variable"},"acf":[],"_links":{"self":[{"href":"https:\/\/accentwall.innovatorspark.ro\/ro\/wp-json\/wp\/v2\/product\/3375"}],"collection":[{"href":"https:\/\/accentwall.innovatorspark.ro\/ro\/wp-json\/wp\/v2\/product"}],"about":[{"href":"https:\/\/accentwall.innovatorspark.ro\/ro\/wp-json\/wp\/v2\/types\/product"}],"replies":[{"embeddable":true,"href":"https:\/\/accentwall.innovatorspark.ro\/ro\/wp-json\/wp\/v2\/comments?post=3375"}],"wp:featuredmedia":[{"embeddable":true,"href":"https:\/\/accentwall.innovatorspark.ro\/ro\/wp-json\/wp\/v2\/media\/3588"}],"wp:attachment":[{"href":"https:\/\/accentwall.innovatorspark.ro\/ro\/wp-json\/wp\/v2\/media?parent=3375"}],"wp:term":[{"taxonomy":"product_cat","embeddable":true,"href":"https:\/\/accentwall.innovatorspark.ro\/ro\/wp-json\/wp\/v2\/product_cat?post=3375"},{"taxonomy":"product_tag","embeddable":true,"href":"https:\/\/accentwall.innovatorspark.ro\/ro\/wp-json\/wp\/v2\/product_tag?post=3375"}],"curies":[{"name":"wp","href":"https:\/\/api.w.org\/{rel}","templated":true}]}}